{"id":11872,"date":"2026-01-04T17:53:54","date_gmt":"2026-01-04T17:53:54","guid":{"rendered":"https:\/\/novainsolutions.com\/?page_id=11872"},"modified":"2026-01-05T21:34:58","modified_gmt":"2026-01-05T21:34:58","slug":"our-clients","status":"publish","type":"page","link":"https:\/\/novainsolutions.com\/es\/our-clients\/","title":{"rendered":"Clientes"},"content":{"rendered":"<div data-elementor-type=\"wp-page\" data-elementor-id=\"11872\" class=\"elementor elementor-11872\" data-elementor-post-type=\"page\">\n\t\t\t\t<div class=\"elementor-element elementor-element-4e241aa6 e-flex e-con-boxed e-con e-parent\" data-id=\"4e241aa6\" data-element_type=\"container\" data-settings=\"{&quot;background_background&quot;:&quot;classic&quot;}\">\n\t\t\t\t\t<div class=\"e-con-inner\">\n\t\t<div class=\"elementor-element elementor-element-1e9f5dca e-con-full e-flex e-con e-child\" data-id=\"1e9f5dca\" data-element_type=\"container\">\n\t\t\t\t<div class=\"elementor-element elementor-element-7c4a40f3 at-heading-animation at-animation-heading-style-2 elementor-widget elementor-widget-heading\" data-id=\"7c4a40f3\" data-element_type=\"widget\" data-settings=\"{&quot;ekit_we_effect_on&quot;:&quot;none&quot;}\" data-widget_type=\"heading.default\">\n\t\t\t\t<div class=\"elementor-widget-container\">\n\t\t\t\t\t<h1 class=\"elementor-heading-title elementor-size-default\">Nuestro <span>Clientela<\/span>\n<\/h1>\t\t\t\t<\/div>\n\t\t\t\t<\/div>\n\t\t\t\t<div class=\"elementor-element elementor-element-3f064ca5 elementor-invisible elementor-widget elementor-widget-elementskit-breadcrumb\" data-id=\"3f064ca5\" data-element_type=\"widget\" data-settings=\"{&quot;_animation&quot;:&quot;fadeInUp&quot;,&quot;ekit_we_effect_on&quot;:&quot;none&quot;}\" data-widget_type=\"elementskit-breadcrumb.default\">\n\t\t\t\t<div class=\"elementor-widget-container\">\n\t\t\t\t\t<div class=\"ekit-wid-con\" ><ol class=\"ekit-breadcrumb\"><li class=\"ekit_breadcrumbs_start\"><a href=\"https:\/\/novainsolutions.com\/es\">Inicio<\/a><\/li><\/ol><\/div>\t\t\t\t<\/div>\n\t\t\t\t<\/div>\n\t\t\t\t<\/div>\n\t\t\t\t\t<\/div>\n\t\t\t\t<\/div>\n\t\t<div class=\"elementor-element elementor-element-3b4c7d72 e-con-full e-flex e-con e-parent\" data-id=\"3b4c7d72\" data-element_type=\"container\">\n\t\t<div class=\"elementor-element elementor-element-37736f6c e-con-full e-flex e-con e-child\" data-id=\"37736f6c\" data-element_type=\"container\" data-settings=\"{&quot;background_background&quot;:&quot;classic&quot;}\">\n\t\t\t\t<div class=\"elementor-element elementor-element-183c0065 ticker-position-left elementor-widget elementor-widget-elementskit-content-ticker\" data-id=\"183c0065\" data-element_type=\"widget\" data-settings=\"{&quot;ekit_we_effect_on&quot;:&quot;none&quot;}\" data-widget_type=\"elementskit-content-ticker.default\">\n\t\t\t\t<div class=\"elementor-widget-container\">\n\t\t\t\t\t<div class=\"ekit-wid-con\" >\n\t\t<div id=\"content-ticker-183c0065\" class=\"ekit-content-ticker-wrapper\" data-content-settings=\"{&quot;type&quot;:&quot;content_ticker&quot;,&quot;settingOptions&quot;:{&quot;tickerSpeed&quot;:40,&quot;tickerDirection&quot;:null,&quot;tickerEffect&quot;:&quot;marquee&quot;,&quot;tickerAutoPlay&quot;:null,&quot;tickerDelay&quot;:3,&quot;tickerReverseDirection&quot;:&quot;&quot;,&quot;tickerGapBetween&quot;:&quot;&quot;,&quot;tickerGrabCursor&quot;:null}}\">\n\t\t\t<div class=\"ekit-content-items\">\n\t\t\t\t\t\t\t\t\t<div class=\"ticker ekitMarqueeSwiper ekit-marquee\">\n\t\t\t\t\t\t<div class=\"marquee-wrapper\">\n\t\t\t\t\t\t\t\t\t\t<div class=\"elementor-repeater-item-1b6f577 ekit-marquee-item ticker-item\">\n\t\t\t\t<img decoding=\"async\" width=\"24\" height=\"25\" src=\"https:\/\/novainsolutions.com\/wp-content\/uploads\/2024\/11\/asterisk-icon.svg\" class=\"attachment-full size-full wp-image-345\" alt=\"\" \/> \n\t\t\t\t<div class=\"ekit-title-and-description\">\n\t\t\t\t\t<a href=\"https:\/\/novainsolutions.com\/index.php\/branding-identity\/\">Marca e identidad\n<\/a>\n\t\t\t\t\t\t\t\t\t<\/div>\n\t\t\t<\/div>\n\t\t\t\t\t<div class=\"elementor-repeater-item-0cc9e5b ekit-marquee-item ticker-item\">\n\t\t\t\t<img decoding=\"async\" width=\"24\" height=\"25\" src=\"https:\/\/novainsolutions.com\/wp-content\/uploads\/2024\/11\/asterisk-icon.svg\" class=\"attachment-full size-full wp-image-345\" alt=\"\" \/> \n\t\t\t\t<div class=\"ekit-title-and-description\">\n\t\t\t\t\t<a href=\"https:\/\/novainsolutions.com\/index.php\/marketing-management\/\">Gesti\u00f3n de marketing\n<\/a>\n\t\t\t\t\t\t\t\t\t<\/div>\n\t\t\t<\/div>\n\t\t\t\t\t<div class=\"elementor-repeater-item-65ae54a ekit-marquee-item ticker-item\">\n\t\t\t\t<img decoding=\"async\" width=\"24\" height=\"25\" src=\"https:\/\/novainsolutions.com\/wp-content\/uploads\/2024\/11\/asterisk-icon.svg\" class=\"attachment-full size-full wp-image-345\" alt=\"\" \/> \n\t\t\t\t<div class=\"ekit-title-and-description\">\n\t\t\t\t\t<a href=\"https:\/\/novainsolutions.com\/index.php\/boosting-ads\/\">Impulso \/ Anuncios\n<\/a>\n\t\t\t\t\t\t\t\t\t<\/div>\n\t\t\t<\/div>\n\t\t\t\t\t<div class=\"elementor-repeater-item-311850b ekit-marquee-item ticker-item\">\n\t\t\t\t<img decoding=\"async\" width=\"24\" height=\"25\" src=\"https:\/\/novainsolutions.com\/wp-content\/uploads\/2024\/11\/asterisk-icon.svg\" class=\"attachment-full size-full wp-image-345\" alt=\"\" \/> \n\t\t\t\t<div class=\"ekit-title-and-description\">\n\t\t\t\t\t<a href=\"https:\/\/novainsolutions.com\/index.php\/content-creation\/\">Creaci\u00f3n de contenido\n<\/a>\n\t\t\t\t\t\t\t\t\t<\/div>\n\t\t\t<\/div>\n\t\t\t\t\t<div class=\"elementor-repeater-item-f7eac34 ekit-marquee-item ticker-item\">\n\t\t\t\t<img decoding=\"async\" width=\"24\" height=\"25\" src=\"https:\/\/novainsolutions.com\/wp-content\/uploads\/2024\/11\/asterisk-icon.svg\" class=\"attachment-full size-full wp-image-345\" alt=\"\" \/> \n\t\t\t\t<div class=\"ekit-title-and-description\">\n\t\t\t\t\t<a href=\"https:\/\/novainsolutions.com\/index.php\/web-design-seo\/\">Dise\u00f1o web \/ SEO\n<\/a>\n\t\t\t\t\t\t\t\t\t<\/div>\n\t\t\t<\/div>\n\t\t\t\t\t<div class=\"elementor-repeater-item-3b64483 ekit-marquee-item ticker-item\">\n\t\t\t\t<img decoding=\"async\" width=\"24\" height=\"25\" src=\"https:\/\/novainsolutions.com\/wp-content\/uploads\/2024\/11\/asterisk-icon.svg\" class=\"attachment-full size-full wp-image-345\" alt=\"\" \/> \n\t\t\t\t<div class=\"ekit-title-and-description\">\n\t\t\t\t\t<a href=\"https:\/\/novainsolutions.com\/index.php\/analytics-reporting\/\">An\u00e1lisis e informes\n<\/a>\n\t\t\t\t\t\t\t\t\t<\/div>\n\t\t\t<\/div>\n\t\t\t\t\t\t\t\t<\/div>\n\t\t\t\t\t<\/div>\n\t\t\t\t\t\t\t<\/div>\n\t\t<\/div>\n\t\t<\/div>\t\t\t\t<\/div>\n\t\t\t\t<\/div>\n\t\t\t\t<\/div>\n\t\t\t\t<\/div>\n\t\t<div class=\"elementor-element elementor-element-5eee7de2 page-service-single e-flex e-con-boxed e-con e-parent\" data-id=\"5eee7de2\" data-element_type=\"container\">\n\t\t\t\t\t<div class=\"e-con-inner\">\n\t\t<div class=\"elementor-element elementor-element-1059927 e-con-full e-flex e-con e-child\" data-id=\"1059927\" data-element_type=\"container\">\n\t\t<div class=\"elementor-element elementor-element-27d61eb6 e-con-full e-flex e-con e-child\" data-id=\"27d61eb6\" data-element_type=\"container\">\n\t\t\t\t<div class=\"elementor-element elementor-element-343127d8 at-heading-animation at-animation-heading-style-2 elementor-widget elementor-widget-heading\" data-id=\"343127d8\" data-element_type=\"widget\" data-settings=\"{&quot;ekit_we_effect_on&quot;:&quot;none&quot;}\" data-widget_type=\"heading.default\">\n\t\t\t\t<div class=\"elementor-widget-container\">\n\t\t\t\t\t<h2 class=\"elementor-heading-title elementor-size-default\">Con la confianza de las empresas <span>Listo para crecer<\/span><\/h2>\t\t\t\t<\/div>\n\t\t\t\t<\/div>\n\t\t\t\t<div class=\"elementor-element elementor-element-1cb29110 elementor-invisible elementor-widget elementor-widget-text-editor\" data-id=\"1cb29110\" data-element_type=\"widget\" data-settings=\"{&quot;_animation&quot;:&quot;fadeInUp&quot;,&quot;ekit_we_effect_on&quot;:&quot;none&quot;}\" data-widget_type=\"text-editor.default\">\n\t\t\t\t<div class=\"elementor-widget-container\">\n\t\t\t\t\t\t\t\t\t<p class=\"p1\">En Nova Solutions, peque\u00f1as empresas y emprendedores de todo Washington conf\u00edan en nosotros y buscan soluciones de marketing accesibles y de alta calidad. Nuestros clientes nos eligen por nuestra atenci\u00f3n personalizada, precios justos y orientaci\u00f3n estrat\u00e9gica que genera resultados tangibles. Construimos alianzas duraderas basadas en la colaboraci\u00f3n, la transparencia y un compromiso compartido con el crecimiento.<\/p>\t\t\t\t\t\t\t\t<\/div>\n\t\t\t\t<\/div>\n\t\t\t\t<div class=\"elementor-element elementor-element-3265f4e elementor-align-center elementor-invisible elementor-widget elementor-widget-button\" data-id=\"3265f4e\" data-element_type=\"widget\" data-settings=\"{&quot;_animation&quot;:&quot;fadeInUp&quot;,&quot;_animation_delay&quot;:100,&quot;ekit_we_effect_on&quot;:&quot;none&quot;}\" data-widget_type=\"button.default\">\n\t\t\t\t<div class=\"elementor-widget-container\">\n\t\t\t\t\t\t\t\t\t<div class=\"elementor-button-wrapper\">\n\t\t\t\t\t<a class=\"elementor-button elementor-button-link elementor-size-sm\" href=\"https:\/\/wa.me\/12539937705?text=Hello%20I%20would%20like%20more%20information%20about%20your%20services\">\n\t\t\t\t\t\t<span class=\"elementor-button-content-wrapper\">\n\t\t\t\t\t\t<span class=\"elementor-button-icon\">\n\t\t\t\t<svg xmlns=\"http:\/\/www.w3.org\/2000\/svg\" width=\"25\" height=\"25\" viewbox=\"0 0 25 25\" fill=\"none\"><path d=\"M16.8569 9.67962L8.24994 18.2866L6.83594 16.8726L15.4419 8.26562H7.85694V6.26562H18.8569V17.2656H16.8569V9.67962Z\" fill=\"currentColor\"><\/path><\/svg>\t\t\t<\/span>\n\t\t\t\t\t\t\t\t\t<span class=\"elementor-button-text\">Cont\u00e1ctanos<\/span>\n\t\t\t\t\t<\/span>\n\t\t\t\t\t<\/a>\n\t\t\t\t<\/div>\n\t\t\t\t\t\t\t\t<\/div>\n\t\t\t\t<\/div>\n\t\t\t\t<\/div>\n\t\t\t\t<\/div>\n\t\t\t\t\t<\/div>\n\t\t\t\t<\/div>\n\t\t\t\t<\/div>","protected":false},"excerpt":{"rendered":"<p>Our Clients Home Branding &amp; Identity Marketing Management Boosting \/ Ads Content [&hellip;]<\/p>","protected":false},"author":1,"featured_media":0,"parent":0,"menu_order":0,"comment_status":"closed","ping_status":"closed","template":"elementor_header_footer","meta":{"_joinchat":[],"footnotes":""},"class_list":["post-11872","page","type-page","status-publish","hentry"],"_links":{"self":[{"href":"https:\/\/novainsolutions.com\/es\/wp-json\/wp\/v2\/pages\/11872","targetHints":{"allow":["GET"]}}],"collection":[{"href":"https:\/\/novainsolutions.com\/es\/wp-json\/wp\/v2\/pages"}],"about":[{"href":"https:\/\/novainsolutions.com\/es\/wp-json\/wp\/v2\/types\/page"}],"author":[{"embeddable":true,"href":"https:\/\/novainsolutions.com\/es\/wp-json\/wp\/v2\/users\/1"}],"replies":[{"embeddable":true,"href":"https:\/\/novainsolutions.com\/es\/wp-json\/wp\/v2\/comments?post=11872"}],"version-history":[{"count":76,"href":"https:\/\/novainsolutions.com\/es\/wp-json\/wp\/v2\/pages\/11872\/revisions"}],"predecessor-version":[{"id":12059,"href":"https:\/\/novainsolutions.com\/es\/wp-json\/wp\/v2\/pages\/11872\/revisions\/12059"}],"wp:attachment":[{"href":"https:\/\/novainsolutions.com\/es\/wp-json\/wp\/v2\/media?parent=11872"}],"curies":[{"name":"wp","href":"https:\/\/api.w.org\/{rel}","templated":true}]}}