{"id":11619,"date":"2025-12-26T22:35:03","date_gmt":"2025-12-26T22:35:03","guid":{"rendered":"https:\/\/novainsolutions.com\/?page_id=11619"},"modified":"2025-12-29T06:54:22","modified_gmt":"2025-12-29T06:54:22","slug":"analytics-reporting","status":"publish","type":"page","link":"https:\/\/novainsolutions.com\/es\/analytics-reporting\/","title":{"rendered":"An\u00e1lisis e informes"},"content":{"rendered":"<div data-elementor-type=\"wp-page\" data-elementor-id=\"11619\" class=\"elementor elementor-11619\" data-elementor-post-type=\"page\">\n\t\t\t\t<div class=\"elementor-element elementor-element-1d0bb1b e-flex e-con-boxed e-con e-parent\" data-id=\"1d0bb1b\" data-element_type=\"container\" data-settings=\"{&quot;background_background&quot;:&quot;classic&quot;}\">\n\t\t\t\t\t<div class=\"e-con-inner\">\n\t\t<div class=\"elementor-element elementor-element-6d2a0e5a e-con-full e-flex e-con e-child\" data-id=\"6d2a0e5a\" data-element_type=\"container\">\n\t\t\t\t<div class=\"elementor-element elementor-element-469d35d7 at-heading-animation at-animation-heading-style-2 elementor-widget elementor-widget-heading\" data-id=\"469d35d7\" data-element_type=\"widget\" data-settings=\"{&quot;ekit_we_effect_on&quot;:&quot;none&quot;}\" data-widget_type=\"heading.default\">\n\t\t\t\t<div class=\"elementor-widget-container\">\n\t\t\t\t\t<h1 class=\"elementor-heading-title elementor-size-default\">An\u00e1lisis y <span> Informes<\/span>\n<\/h1>\t\t\t\t<\/div>\n\t\t\t\t<\/div>\n\t\t\t\t<div class=\"elementor-element elementor-element-2f6de6c7 elementor-invisible elementor-widget elementor-widget-elementskit-breadcrumb\" data-id=\"2f6de6c7\" data-element_type=\"widget\" data-settings=\"{&quot;_animation&quot;:&quot;fadeInUp&quot;,&quot;ekit_we_effect_on&quot;:&quot;none&quot;}\" data-widget_type=\"elementskit-breadcrumb.default\">\n\t\t\t\t<div class=\"elementor-widget-container\">\n\t\t\t\t\t<div class=\"ekit-wid-con\" ><ol class=\"ekit-breadcrumb\"><li class=\"ekit_breadcrumbs_start\"><a href=\"https:\/\/novainsolutions.com\/es\">Inicio<\/a><\/li><\/ol><\/div>\t\t\t\t<\/div>\n\t\t\t\t<\/div>\n\t\t\t\t<\/div>\n\t\t\t\t\t<\/div>\n\t\t\t\t<\/div>\n\t\t<div class=\"elementor-element elementor-element-3333f30c e-con-full e-flex e-con e-parent\" data-id=\"3333f30c\" data-element_type=\"container\">\n\t\t<div class=\"elementor-element elementor-element-1966b88f e-con-full e-flex e-con e-child\" data-id=\"1966b88f\" data-element_type=\"container\" data-settings=\"{&quot;background_background&quot;:&quot;classic&quot;}\">\n\t\t\t\t<div class=\"elementor-element elementor-element-4afe65a4 ticker-position-left elementor-widget elementor-widget-elementskit-content-ticker\" data-id=\"4afe65a4\" data-element_type=\"widget\" data-settings=\"{&quot;ekit_we_effect_on&quot;:&quot;none&quot;}\" data-widget_type=\"elementskit-content-ticker.default\">\n\t\t\t\t<div class=\"elementor-widget-container\">\n\t\t\t\t\t<div class=\"ekit-wid-con\" >\n\t\t<div id=\"content-ticker-4afe65a4\" class=\"ekit-content-ticker-wrapper\" data-content-settings=\"{&quot;type&quot;:&quot;content_ticker&quot;,&quot;settingOptions&quot;:{&quot;tickerSpeed&quot;:40,&quot;tickerDirection&quot;:null,&quot;tickerEffect&quot;:&quot;marquee&quot;,&quot;tickerAutoPlay&quot;:null,&quot;tickerDelay&quot;:3,&quot;tickerReverseDirection&quot;:&quot;&quot;,&quot;tickerGapBetween&quot;:&quot;&quot;,&quot;tickerGrabCursor&quot;:null}}\">\n\t\t\t<div class=\"ekit-content-items\">\n\t\t\t\t\t\t\t\t\t<div class=\"ticker ekitMarqueeSwiper ekit-marquee\">\n\t\t\t\t\t\t<div class=\"marquee-wrapper\">\n\t\t\t\t\t\t\t\t\t\t<div class=\"elementor-repeater-item-1b6f577 ekit-marquee-item ticker-item\">\n\t\t\t\t<img decoding=\"async\" width=\"24\" height=\"25\" src=\"https:\/\/novainsolutions.com\/wp-content\/uploads\/2024\/11\/asterisk-icon.svg\" class=\"attachment-full size-full wp-image-345\" alt=\"\" \/> \n\t\t\t\t<div class=\"ekit-title-and-description\">\n\t\t\t\t\t<a href=\"https:\/\/novainsolutions.com\/index.php\/branding-identity\/\">Marca e identidad\n<\/a>\n\t\t\t\t\t\t\t\t\t<\/div>\n\t\t\t<\/div>\n\t\t\t\t\t<div class=\"elementor-repeater-item-0cc9e5b ekit-marquee-item ticker-item\">\n\t\t\t\t<img decoding=\"async\" width=\"24\" height=\"25\" src=\"https:\/\/novainsolutions.com\/wp-content\/uploads\/2024\/11\/asterisk-icon.svg\" class=\"attachment-full size-full wp-image-345\" alt=\"\" \/> \n\t\t\t\t<div class=\"ekit-title-and-description\">\n\t\t\t\t\t<a href=\"https:\/\/novainsolutions.com\/index.php\/marketing-management\/\">Gesti\u00f3n de marketing\n<\/a>\n\t\t\t\t\t\t\t\t\t<\/div>\n\t\t\t<\/div>\n\t\t\t\t\t<div class=\"elementor-repeater-item-65ae54a ekit-marquee-item ticker-item\">\n\t\t\t\t<img decoding=\"async\" width=\"24\" height=\"25\" src=\"https:\/\/novainsolutions.com\/wp-content\/uploads\/2024\/11\/asterisk-icon.svg\" class=\"attachment-full size-full wp-image-345\" alt=\"\" \/> \n\t\t\t\t<div class=\"ekit-title-and-description\">\n\t\t\t\t\t<a href=\"https:\/\/novainsolutions.com\/index.php\/boosting-ads\/\">Impulso \/ Anuncios\n<\/a>\n\t\t\t\t\t\t\t\t\t<\/div>\n\t\t\t<\/div>\n\t\t\t\t\t<div class=\"elementor-repeater-item-311850b ekit-marquee-item ticker-item\">\n\t\t\t\t<img decoding=\"async\" width=\"24\" height=\"25\" src=\"https:\/\/novainsolutions.com\/wp-content\/uploads\/2024\/11\/asterisk-icon.svg\" class=\"attachment-full size-full wp-image-345\" alt=\"\" \/> \n\t\t\t\t<div class=\"ekit-title-and-description\">\n\t\t\t\t\t<a href=\"https:\/\/novainsolutions.com\/index.php\/content-creation\/\">Creaci\u00f3n de contenido\n<\/a>\n\t\t\t\t\t\t\t\t\t<\/div>\n\t\t\t<\/div>\n\t\t\t\t\t<div class=\"elementor-repeater-item-f7eac34 ekit-marquee-item ticker-item\">\n\t\t\t\t<img decoding=\"async\" width=\"24\" height=\"25\" src=\"https:\/\/novainsolutions.com\/wp-content\/uploads\/2024\/11\/asterisk-icon.svg\" class=\"attachment-full size-full wp-image-345\" alt=\"\" \/> \n\t\t\t\t<div class=\"ekit-title-and-description\">\n\t\t\t\t\t<a href=\"https:\/\/novainsolutions.com\/index.php\/web-design-seo\/\">Dise\u00f1o web \/ SEO\n<\/a>\n\t\t\t\t\t\t\t\t\t<\/div>\n\t\t\t<\/div>\n\t\t\t\t\t<div class=\"elementor-repeater-item-3b64483 ekit-marquee-item ticker-item\">\n\t\t\t\t<img decoding=\"async\" width=\"24\" height=\"25\" src=\"https:\/\/novainsolutions.com\/wp-content\/uploads\/2024\/11\/asterisk-icon.svg\" class=\"attachment-full size-full wp-image-345\" alt=\"\" \/> \n\t\t\t\t<div class=\"ekit-title-and-description\">\n\t\t\t\t\t<a href=\"https:\/\/novainsolutions.com\/index.php\/analytics-reporting\/\">An\u00e1lisis e informes\n<\/a>\n\t\t\t\t\t\t\t\t\t<\/div>\n\t\t\t<\/div>\n\t\t\t\t\t\t\t\t<\/div>\n\t\t\t\t\t<\/div>\n\t\t\t\t\t\t\t<\/div>\n\t\t<\/div>\n\t\t<\/div>\t\t\t\t<\/div>\n\t\t\t\t<\/div>\n\t\t\t\t<\/div>\n\t\t\t\t<\/div>\n\t\t<div class=\"elementor-element elementor-element-388985c0 page-service-single e-flex e-con-boxed e-con e-parent\" data-id=\"388985c0\" data-element_type=\"container\">\n\t\t\t\t\t<div class=\"e-con-inner\">\n\t\t<div class=\"elementor-element elementor-element-302aa31d e-con-full e-flex e-con e-child\" data-id=\"302aa31d\" data-element_type=\"container\">\n\t\t<div class=\"elementor-element elementor-element-3dc59be3 e-con-full e-flex e-con e-child\" data-id=\"3dc59be3\" data-element_type=\"container\">\n\t\t\t\t<div class=\"elementor-element elementor-element-742fa618 service-feature-image image-anime at-image-animation at-animation-image-style-1 elementor-widget elementor-widget-image\" data-id=\"742fa618\" data-element_type=\"widget\" data-settings=\"{&quot;ekit_we_effect_on&quot;:&quot;none&quot;}\" data-widget_type=\"image.default\">\n\t\t\t\t<div class=\"elementor-widget-container\">\n\t\t\t\t\t\t\t\t\t\t\t\t\t\t\t<img fetchpriority=\"high\" decoding=\"async\" width=\"1200\" height=\"800\" src=\"https:\/\/novainsolutions.com\/wp-content\/uploads\/2024\/11\/service-single-img.jpg\" class=\"attachment-full size-full wp-image-335\" alt=\"\" srcset=\"https:\/\/novainsolutions.com\/wp-content\/uploads\/2024\/11\/service-single-img.jpg 1200w, https:\/\/novainsolutions.com\/wp-content\/uploads\/2024\/11\/service-single-img-300x200.jpg 300w, https:\/\/novainsolutions.com\/wp-content\/uploads\/2024\/11\/service-single-img-1024x683.jpg 1024w, https:\/\/novainsolutions.com\/wp-content\/uploads\/2024\/11\/service-single-img-768x512.jpg 768w\" sizes=\"(max-width: 1200px) 100vw, 1200px\" \/>\t\t\t\t\t\t\t\t\t\t\t\t\t\t\t<\/div>\n\t\t\t\t<\/div>\n\t\t\t\t<div class=\"elementor-element elementor-element-b46d9fd at-heading-animation at-animation-heading-style-2 elementor-widget elementor-widget-heading\" data-id=\"b46d9fd\" data-element_type=\"widget\" data-settings=\"{&quot;ekit_we_effect_on&quot;:&quot;none&quot;}\" data-widget_type=\"heading.default\">\n\t\t\t\t<div class=\"elementor-widget-container\">\n\t\t\t\t\t<h2 class=\"elementor-heading-title elementor-size-default\">Perspectivas basadas en datos para <span>Mejor marketing<\/span> Decisiones<\/h2>\t\t\t\t<\/div>\n\t\t\t\t<\/div>\n\t\t\t\t<div class=\"elementor-element elementor-element-2d7c6457 elementor-invisible elementor-widget elementor-widget-text-editor\" data-id=\"2d7c6457\" data-element_type=\"widget\" data-settings=\"{&quot;_animation&quot;:&quot;fadeInUp&quot;,&quot;ekit_we_effect_on&quot;:&quot;none&quot;}\" data-widget_type=\"text-editor.default\">\n\t\t\t\t<div class=\"elementor-widget-container\">\n\t\t\t\t\t\t\t\t\t<p data-start=\"218\" data-end=\"446\">Ofrecemos an\u00e1lisis claros e informaci\u00f3n pr\u00e1ctica que ayuda a las empresas a comprender su rendimiento y a tomar decisiones de marketing informadas. Nos centramos en convertir los datos en informaci\u00f3n pr\u00e1ctica que impulse la optimizaci\u00f3n y el crecimiento.<\/p><p data-start=\"448\" data-end=\"739\">Al monitorear los indicadores clave de rendimiento, analizar el comportamiento de la audiencia y revisar los resultados de las campa\u00f1as, le ofrecemos una visi\u00f3n transparente de lo que funciona y de las \u00e1reas que requieren mejoras. Nuestros informes est\u00e1n dise\u00f1ados para respaldar decisiones estrat\u00e9gicas y ayudarle a optimizar sus estrategias de marketing de forma m\u00e1s eficaz.<\/p><p data-start=\"741\" data-end=\"790\"><strong data-start=\"741\" data-end=\"790\">Nuestros servicios de an\u00e1lisis e informes incluyen:<\/strong><\/p><ul data-start=\"791\" data-end=\"972\"><li data-start=\"791\" data-end=\"835\"><p data-start=\"793\" data-end=\"835\">Seguimiento de KPI y medici\u00f3n del rendimiento<\/p><\/li><li data-start=\"836\" data-end=\"881\"><p data-start=\"838\" data-end=\"881\">An\u00e1lisis del comportamiento y la participaci\u00f3n de la audiencia<\/p><\/li><li data-start=\"882\" data-end=\"916\"><p data-start=\"884\" data-end=\"916\">Informes de rendimiento de campa\u00f1as<\/p><\/li><li data-start=\"917\" data-end=\"972\"><p data-start=\"919\" data-end=\"972\">Perspectivas estrat\u00e9gicas y recomendaciones de optimizaci\u00f3n<\/p><\/li><\/ul><p data-start=\"974\" data-end=\"1102\">Con datos precisos y an\u00e1lisis continuo, ayudamos a las empresas a perfeccionar su estrategia, mejorar los resultados y crecer con confianza.<\/p>\t\t\t\t\t\t\t\t<\/div>\n\t\t\t\t<\/div>\n\t\t\t\t<div class=\"elementor-element elementor-element-678facf0 elementor-align-center elementor-invisible elementor-widget elementor-widget-global elementor-global-11812 elementor-widget-button\" data-id=\"678facf0\" data-element_type=\"widget\" data-settings=\"{&quot;_animation&quot;:&quot;fadeInUp&quot;,&quot;_animation_delay&quot;:100,&quot;ekit_we_effect_on&quot;:&quot;none&quot;}\" data-widget_type=\"button.default\">\n\t\t\t\t<div class=\"elementor-widget-container\">\n\t\t\t\t\t\t\t\t\t<div class=\"elementor-button-wrapper\">\n\t\t\t\t\t<a class=\"elementor-button elementor-button-link elementor-size-sm\" href=\"https:\/\/wa.me\/12539937705?text=Hello%20I%20would%20like%20more%20information%20about%20your%20services\">\n\t\t\t\t\t\t<span class=\"elementor-button-content-wrapper\">\n\t\t\t\t\t\t<span class=\"elementor-button-icon\">\n\t\t\t\t<svg xmlns=\"http:\/\/www.w3.org\/2000\/svg\" width=\"25\" height=\"25\" viewbox=\"0 0 25 25\" fill=\"none\"><path d=\"M16.8569 9.67962L8.24994 18.2866L6.83594 16.8726L15.4419 8.26562H7.85694V6.26562H18.8569V17.2656H16.8569V9.67962Z\" fill=\"currentColor\"><\/path><\/svg>\t\t\t<\/span>\n\t\t\t\t\t\t\t\t\t<span class=\"elementor-button-text\">Cont\u00e1ctanos<\/span>\n\t\t\t\t\t<\/span>\n\t\t\t\t\t<\/a>\n\t\t\t\t<\/div>\n\t\t\t\t\t\t\t\t<\/div>\n\t\t\t\t<\/div>\n\t\t\t\t<\/div>\n\t\t\t\t<\/div>\n\t\t<div class=\"elementor-element elementor-element-6ba6da1c e-con-full e-flex e-con e-child\" data-id=\"6ba6da1c\" data-element_type=\"container\">\n\t\t<div class=\"elementor-element elementor-element-569337a1 e-con-full sticky-column e-flex e-con e-child\" data-id=\"569337a1\" data-element_type=\"container\">\n\t\t<div class=\"elementor-element elementor-element-30946a1f e-con-full e-flex elementor-invisible e-con e-child\" data-id=\"30946a1f\" data-element_type=\"container\" data-settings=\"{&quot;animation&quot;:&quot;fadeInUp&quot;}\">\n\t\t\t\t<div class=\"elementor-element elementor-element-782b6127 elementor-widget elementor-widget-artistic-elementor-template\" data-id=\"782b6127\" data-element_type=\"widget\" data-settings=\"{&quot;ekit_we_effect_on&quot;:&quot;none&quot;}\" data-widget_type=\"artistic-elementor-template.default\">\n\t\t\t\t<div class=\"elementor-widget-container\">\n\t\t\t\t\t\t\t<div class=\"elementor-template\">\n\t\t\t\t\t<\/div>\n\t\t\t\t\t\t<\/div>\n\t\t\t\t<\/div>\n\t\t\t\t<\/div>\n\t\t<div class=\"elementor-element elementor-element-77283fd1 e-con-full e-flex elementor-invisible e-con e-child\" data-id=\"77283fd1\" data-element_type=\"container\" data-settings=\"{&quot;animation&quot;:&quot;fadeInUp&quot;,&quot;animation_delay&quot;:100}\">\n\t\t\t\t<div class=\"elementor-element elementor-element-10142168 elementor-widget elementor-widget-artistic-elementor-template\" data-id=\"10142168\" data-element_type=\"widget\" data-settings=\"{&quot;ekit_we_effect_on&quot;:&quot;none&quot;}\" data-widget_type=\"artistic-elementor-template.default\">\n\t\t\t\t<div class=\"elementor-widget-container\">\n\t\t\t\t\t\t\t<div class=\"elementor-template\">\n\t\t\t\t\t<div data-elementor-type=\"section\" data-elementor-id=\"10031\" class=\"elementor elementor-10031\" data-elementor-post-type=\"elementor_library\">\n\t\t\t<div class=\"elementor-element elementor-element-3ab4e93 e-con-full backdrop-filter e-flex e-con e-child\" data-id=\"3ab4e93\" data-element_type=\"container\" data-settings=\"{&quot;background_background&quot;:&quot;classic&quot;}\">\n\t\t\t\t<div class=\"elementor-element elementor-element-75854a4 contacts-content ekit-equal-height-disable elementor-widget elementor-widget-elementskit-icon-box\" data-id=\"75854a4\" data-element_type=\"widget\" data-settings=\"{&quot;ekit_we_effect_on&quot;:&quot;none&quot;}\" data-widget_type=\"elementskit-icon-box.default\">\n\t\t\t\t<div class=\"elementor-widget-container\">\n\t\t\t\t\t<div class=\"ekit-wid-con\" >        <!-- link opening -->\n                <!-- end link opening -->\n\n        <div class=\"elementskit-infobox text-center text- icon-top-align elementor-animation-\">\n                    <div class=\"elementskit-box-header elementor-animation-\">\n                <div class=\"elementskit-info-box-icon\">\n                    <svg xmlns=\"http:\/\/www.w3.org\/2000\/svg\" width=\"61\" height=\"61\" viewbox=\"0 0 61 61\" fill=\"none\"><path d=\"M19.7854 54.2444L2.64258 58.5301L6.92829 45.6729V7.10151C6.92829 5.96487 7.37982 4.87478 8.18355 4.07105C8.98728 3.26733 10.0774 2.8158 11.214 2.8158H54.0711C55.2078 2.8158 56.2979 3.26733 57.1016 4.07105C57.9053 4.87478 58.3569 5.96487 58.3569 7.10151V49.9587C58.3569 51.0953 57.9053 52.1854 57.1016 52.9891C56.2979 53.7928 55.2078 54.2444 54.0711 54.2444H19.7854Z\" stroke=\"currentColor\" stroke-width=\"1.5\" stroke-linecap=\"round\" stroke-linejoin=\"round\"><\/path><path d=\"M32.6426 13.5301V26.3872\" stroke=\"currentColor\" stroke-width=\"1.5\" stroke-linecap=\"round\" stroke-linejoin=\"round\"><\/path><path d=\"M32.6429 41.3872C33.8263 41.3872 34.7857 40.4278 34.7857 39.2444C34.7857 38.0609 33.8263 37.1015 32.6429 37.1015C31.4594 37.1015 30.5 38.0609 30.5 39.2444C30.5 40.4278 31.4594 41.3872 32.6429 41.3872Z\" stroke=\"currentColor\" stroke-width=\"1.5\" stroke-linecap=\"round\" stroke-linejoin=\"round\"><\/path><\/svg>\n                <\/div>\n          <\/div>\n                        <div class=\"box-body\">\n                            <h3 class=\"elementskit-info-box-title\">\n                    \u00bfTienes diferentes preguntas?                <\/h3>\n                        \t\t  \t<p>Nuestro equipo responder\u00e1 todas tus preguntas. Aseguramos una respuesta r\u00e1pida.<\/p>\n                                        <div class=\"box-footer disable_hover_button\">\n                    <div class=\"btn-wraper\">\n                                                            <a class=\"elementskit-btn whitespace--normal\" href=\"https:\/\/wa.me\/12539937705?text=Hello%20I%20would%20like%20more%20information%20about%20your%20services\">\n                                        <i aria-hidden=\"true\" class=\"icon icon-whatsapp-2\"><\/i>                                         +1 (253) 993-7705                                    <\/a>\n                                                        <\/div>\n                <\/div>\n                    <\/div>\n        \n        \n                <\/div>\n        <\/div>\t\t\t\t<\/div>\n\t\t\t\t<\/div>\n\t\t\t\t<\/div>\n\t\t\t\t<\/div>\n\t\t\t\t<\/div>\n\t\t\t\t\t\t<\/div>\n\t\t\t\t<\/div>\n\t\t\t\t<\/div>\n\t\t\t\t<\/div>\n\t\t\t\t<\/div>\n\t\t\t\t\t<\/div>\n\t\t\t\t<\/div>\n\t\t\t\t<\/div>","protected":false},"excerpt":{"rendered":"<p>An\u00e1lisis e informes Inicio Marca e identidad Gesti\u00f3n de marketing Impulso \/ Anuncios [\u2026]<\/p>","protected":false},"author":1,"featured_media":0,"parent":0,"menu_order":0,"comment_status":"closed","ping_status":"closed","template":"elementor_header_footer","meta":{"_joinchat":[],"footnotes":""},"class_list":["post-11619","page","type-page","status-publish","hentry"],"_links":{"self":[{"href":"https:\/\/novainsolutions.com\/es\/wp-json\/wp\/v2\/pages\/11619","targetHints":{"allow":["GET"]}}],"collection":[{"href":"https:\/\/novainsolutions.com\/es\/wp-json\/wp\/v2\/pages"}],"about":[{"href":"https:\/\/novainsolutions.com\/es\/wp-json\/wp\/v2\/types\/page"}],"author":[{"embeddable":true,"href":"https:\/\/novainsolutions.com\/es\/wp-json\/wp\/v2\/users\/1"}],"replies":[{"embeddable":true,"href":"https:\/\/novainsolutions.com\/es\/wp-json\/wp\/v2\/comments?post=11619"}],"version-history":[{"count":4,"href":"https:\/\/novainsolutions.com\/es\/wp-json\/wp\/v2\/pages\/11619\/revisions"}],"predecessor-version":[{"id":11852,"href":"https:\/\/novainsolutions.com\/es\/wp-json\/wp\/v2\/pages\/11619\/revisions\/11852"}],"wp:attachment":[{"href":"https:\/\/novainsolutions.com\/es\/wp-json\/wp\/v2\/media?parent=11619"}],"curies":[{"name":"wp","href":"https:\/\/api.w.org\/{rel}","templated":true}]}}