{"id":11616,"date":"2025-12-26T22:35:26","date_gmt":"2025-12-26T22:35:26","guid":{"rendered":"https:\/\/novainsolutions.com\/?page_id=11616"},"modified":"2025-12-29T06:48:20","modified_gmt":"2025-12-29T06:48:20","slug":"boosting-ads","status":"publish","type":"page","link":"https:\/\/novainsolutions.com\/es\/boosting-ads\/","title":{"rendered":"Impulso \/ Anuncios"},"content":{"rendered":"<div data-elementor-type=\"wp-page\" data-elementor-id=\"11616\" class=\"elementor elementor-11616\" data-elementor-post-type=\"page\">\n\t\t\t\t<div class=\"elementor-element elementor-element-234a5d00 e-flex e-con-boxed e-con e-parent\" data-id=\"234a5d00\" data-element_type=\"container\" data-settings=\"{&quot;background_background&quot;:&quot;classic&quot;}\">\n\t\t\t\t\t<div class=\"e-con-inner\">\n\t\t<div class=\"elementor-element elementor-element-49dfc322 e-con-full e-flex e-con e-child\" data-id=\"49dfc322\" data-element_type=\"container\">\n\t\t\t\t<div class=\"elementor-element elementor-element-37b4399d at-heading-animation at-animation-heading-style-2 elementor-widget elementor-widget-heading\" data-id=\"37b4399d\" data-element_type=\"widget\" data-settings=\"{&quot;ekit_we_effect_on&quot;:&quot;none&quot;}\" data-widget_type=\"heading.default\">\n\t\t\t\t<div class=\"elementor-widget-container\">\n\t\t\t\t\t<h1 class=\"elementor-heading-title elementor-size-default\">Publicidad pagada y<span> Impulsando <\/span>\n<\/h1>\t\t\t\t<\/div>\n\t\t\t\t<\/div>\n\t\t\t\t<div class=\"elementor-element elementor-element-14082c95 elementor-invisible elementor-widget elementor-widget-elementskit-breadcrumb\" data-id=\"14082c95\" data-element_type=\"widget\" data-settings=\"{&quot;_animation&quot;:&quot;fadeInUp&quot;,&quot;ekit_we_effect_on&quot;:&quot;none&quot;}\" data-widget_type=\"elementskit-breadcrumb.default\">\n\t\t\t\t<div class=\"elementor-widget-container\">\n\t\t\t\t\t<div class=\"ekit-wid-con\" ><ol class=\"ekit-breadcrumb\"><li class=\"ekit_breadcrumbs_start\"><a href=\"https:\/\/novainsolutions.com\/es\">Inicio<\/a><\/li><\/ol><\/div>\t\t\t\t<\/div>\n\t\t\t\t<\/div>\n\t\t\t\t<\/div>\n\t\t\t\t\t<\/div>\n\t\t\t\t<\/div>\n\t\t<div class=\"elementor-element elementor-element-28d19aa9 e-con-full e-flex e-con e-parent\" data-id=\"28d19aa9\" data-element_type=\"container\">\n\t\t<div class=\"elementor-element elementor-element-6693b2f6 e-con-full e-flex e-con e-child\" data-id=\"6693b2f6\" data-element_type=\"container\" data-settings=\"{&quot;background_background&quot;:&quot;classic&quot;}\">\n\t\t\t\t<div class=\"elementor-element elementor-element-6ea60215 ticker-position-left elementor-widget elementor-widget-elementskit-content-ticker\" data-id=\"6ea60215\" data-element_type=\"widget\" data-settings=\"{&quot;ekit_we_effect_on&quot;:&quot;none&quot;}\" data-widget_type=\"elementskit-content-ticker.default\">\n\t\t\t\t<div class=\"elementor-widget-container\">\n\t\t\t\t\t<div class=\"ekit-wid-con\" >\n\t\t<div id=\"content-ticker-6ea60215\" class=\"ekit-content-ticker-wrapper\" data-content-settings=\"{&quot;type&quot;:&quot;content_ticker&quot;,&quot;settingOptions&quot;:{&quot;tickerSpeed&quot;:40,&quot;tickerDirection&quot;:null,&quot;tickerEffect&quot;:&quot;marquee&quot;,&quot;tickerAutoPlay&quot;:null,&quot;tickerDelay&quot;:3,&quot;tickerReverseDirection&quot;:&quot;&quot;,&quot;tickerGapBetween&quot;:&quot;&quot;,&quot;tickerGrabCursor&quot;:null}}\">\n\t\t\t<div class=\"ekit-content-items\">\n\t\t\t\t\t\t\t\t\t<div class=\"ticker ekitMarqueeSwiper ekit-marquee\">\n\t\t\t\t\t\t<div class=\"marquee-wrapper\">\n\t\t\t\t\t\t\t\t\t\t<div class=\"elementor-repeater-item-1b6f577 ekit-marquee-item ticker-item\">\n\t\t\t\t<img decoding=\"async\" width=\"24\" height=\"25\" src=\"https:\/\/novainsolutions.com\/wp-content\/uploads\/2024\/11\/asterisk-icon.svg\" class=\"attachment-full size-full wp-image-345\" alt=\"\" \/> \n\t\t\t\t<div class=\"ekit-title-and-description\">\n\t\t\t\t\t<a href=\"https:\/\/novainsolutions.com\/index.php\/branding-identity\/\">Marca e identidad\n<\/a>\n\t\t\t\t\t\t\t\t\t<\/div>\n\t\t\t<\/div>\n\t\t\t\t\t<div class=\"elementor-repeater-item-0cc9e5b ekit-marquee-item ticker-item\">\n\t\t\t\t<img decoding=\"async\" width=\"24\" height=\"25\" src=\"https:\/\/novainsolutions.com\/wp-content\/uploads\/2024\/11\/asterisk-icon.svg\" class=\"attachment-full size-full wp-image-345\" alt=\"\" \/> \n\t\t\t\t<div class=\"ekit-title-and-description\">\n\t\t\t\t\t<a href=\"https:\/\/novainsolutions.com\/index.php\/marketing-management\/\">Gesti\u00f3n de marketing\n<\/a>\n\t\t\t\t\t\t\t\t\t<\/div>\n\t\t\t<\/div>\n\t\t\t\t\t<div class=\"elementor-repeater-item-65ae54a ekit-marquee-item ticker-item\">\n\t\t\t\t<img decoding=\"async\" width=\"24\" height=\"25\" src=\"https:\/\/novainsolutions.com\/wp-content\/uploads\/2024\/11\/asterisk-icon.svg\" class=\"attachment-full size-full wp-image-345\" alt=\"\" \/> \n\t\t\t\t<div class=\"ekit-title-and-description\">\n\t\t\t\t\t<a href=\"https:\/\/novainsolutions.com\/index.php\/boosting-ads\/\">Impulso \/ Anuncios\n<\/a>\n\t\t\t\t\t\t\t\t\t<\/div>\n\t\t\t<\/div>\n\t\t\t\t\t<div class=\"elementor-repeater-item-311850b ekit-marquee-item ticker-item\">\n\t\t\t\t<img decoding=\"async\" width=\"24\" height=\"25\" src=\"https:\/\/novainsolutions.com\/wp-content\/uploads\/2024\/11\/asterisk-icon.svg\" class=\"attachment-full size-full wp-image-345\" alt=\"\" \/> \n\t\t\t\t<div class=\"ekit-title-and-description\">\n\t\t\t\t\t<a href=\"https:\/\/novainsolutions.com\/index.php\/content-creation\/\">Creaci\u00f3n de contenido\n<\/a>\n\t\t\t\t\t\t\t\t\t<\/div>\n\t\t\t<\/div>\n\t\t\t\t\t<div class=\"elementor-repeater-item-f7eac34 ekit-marquee-item ticker-item\">\n\t\t\t\t<img decoding=\"async\" width=\"24\" height=\"25\" src=\"https:\/\/novainsolutions.com\/wp-content\/uploads\/2024\/11\/asterisk-icon.svg\" class=\"attachment-full size-full wp-image-345\" alt=\"\" \/> \n\t\t\t\t<div class=\"ekit-title-and-description\">\n\t\t\t\t\t<a href=\"https:\/\/novainsolutions.com\/index.php\/web-design-seo\/\">Dise\u00f1o web \/ SEO\n<\/a>\n\t\t\t\t\t\t\t\t\t<\/div>\n\t\t\t<\/div>\n\t\t\t\t\t<div class=\"elementor-repeater-item-3b64483 ekit-marquee-item ticker-item\">\n\t\t\t\t<img decoding=\"async\" width=\"24\" height=\"25\" src=\"https:\/\/novainsolutions.com\/wp-content\/uploads\/2024\/11\/asterisk-icon.svg\" class=\"attachment-full size-full wp-image-345\" alt=\"\" \/> \n\t\t\t\t<div class=\"ekit-title-and-description\">\n\t\t\t\t\t<a href=\"https:\/\/novainsolutions.com\/index.php\/analytics-reporting\/\">An\u00e1lisis e informes\n<\/a>\n\t\t\t\t\t\t\t\t\t<\/div>\n\t\t\t<\/div>\n\t\t\t\t\t\t\t\t<\/div>\n\t\t\t\t\t<\/div>\n\t\t\t\t\t\t\t<\/div>\n\t\t<\/div>\n\t\t<\/div>\t\t\t\t<\/div>\n\t\t\t\t<\/div>\n\t\t\t\t<\/div>\n\t\t\t\t<\/div>\n\t\t<div class=\"elementor-element elementor-element-271a9166 page-service-single e-flex e-con-boxed e-con e-parent\" data-id=\"271a9166\" data-element_type=\"container\">\n\t\t\t\t\t<div class=\"e-con-inner\">\n\t\t<div class=\"elementor-element elementor-element-9c419e3 e-con-full e-flex e-con e-child\" data-id=\"9c419e3\" data-element_type=\"container\">\n\t\t<div class=\"elementor-element elementor-element-50fc70b7 e-con-full e-flex e-con e-child\" data-id=\"50fc70b7\" data-element_type=\"container\">\n\t\t\t\t<div class=\"elementor-element elementor-element-1e56bba5 service-feature-image image-anime at-image-animation at-animation-image-style-1 elementor-widget elementor-widget-image\" data-id=\"1e56bba5\" data-element_type=\"widget\" data-settings=\"{&quot;ekit_we_effect_on&quot;:&quot;none&quot;}\" data-widget_type=\"image.default\">\n\t\t\t\t<div class=\"elementor-widget-container\">\n\t\t\t\t\t\t\t\t\t\t\t\t\t\t\t<img fetchpriority=\"high\" decoding=\"async\" width=\"1200\" height=\"800\" src=\"https:\/\/novainsolutions.com\/wp-content\/uploads\/2024\/11\/service-single-img.jpg\" class=\"attachment-full size-full wp-image-335\" alt=\"\" srcset=\"https:\/\/novainsolutions.com\/wp-content\/uploads\/2024\/11\/service-single-img.jpg 1200w, https:\/\/novainsolutions.com\/wp-content\/uploads\/2024\/11\/service-single-img-300x200.jpg 300w, https:\/\/novainsolutions.com\/wp-content\/uploads\/2024\/11\/service-single-img-1024x683.jpg 1024w, https:\/\/novainsolutions.com\/wp-content\/uploads\/2024\/11\/service-single-img-768x512.jpg 768w\" sizes=\"(max-width: 1200px) 100vw, 1200px\" \/>\t\t\t\t\t\t\t\t\t\t\t\t\t\t\t<\/div>\n\t\t\t\t<\/div>\n\t\t\t\t<div class=\"elementor-element elementor-element-3a7e78ad at-heading-animation at-animation-heading-style-2 elementor-widget elementor-widget-heading\" data-id=\"3a7e78ad\" data-element_type=\"widget\" data-settings=\"{&quot;ekit_we_effect_on&quot;:&quot;none&quot;}\" data-widget_type=\"heading.default\">\n\t\t\t\t<div class=\"elementor-widget-container\">\n\t\t\t\t\t<h2 class=\"elementor-heading-title elementor-size-default\">Anuncio dirigido <span>Campa\u00f1as<\/span> Que generan resultados reales<\/h2>\t\t\t\t<\/div>\n\t\t\t\t<\/div>\n\t\t\t\t<div class=\"elementor-element elementor-element-659abdcf elementor-invisible elementor-widget elementor-widget-text-editor\" data-id=\"659abdcf\" data-element_type=\"widget\" data-settings=\"{&quot;_animation&quot;:&quot;fadeInUp&quot;,&quot;ekit_we_effect_on&quot;:&quot;none&quot;}\" data-widget_type=\"text-editor.default\">\n\t\t\t\t<div class=\"elementor-widget-container\">\n\t\t\t\t\t\t\t\t\t<p data-start=\"223\" data-end=\"474\">Creamos y gestionamos campa\u00f1as publicitarias de pago dise\u00f1adas para aumentar la visibilidad, atraer al p\u00fablico adecuado y generar resultados medibles. Nos centramos en la segmentaci\u00f3n estrat\u00e9gica y la optimizaci\u00f3n continua para garantizar que su presupuesto publicitario se utilice eficientemente.<\/p><p data-start=\"476\" data-end=\"756\">Gestionamos campa\u00f1as en plataformas como Google, Facebook, Instagram y TikTok, combinando una estrategia basada en datos con una ejecuci\u00f3n creativa impactante. Mediante pruebas, mediciones y optimizaci\u00f3n del rendimiento, ayudamos a las empresas a aumentar el tr\u00e1fico, las conversiones y el conocimiento general de la marca.<\/p><p data-start=\"758\" data-end=\"800\"><strong data-start=\"758\" data-end=\"800\">Nuestros servicios de publicidad pagada incluyen:<\/strong><\/p><ul data-start=\"801\" data-end=\"967\"><li data-start=\"801\" data-end=\"845\"><p data-start=\"803\" data-end=\"845\">Estrategia de campa\u00f1a y segmentaci\u00f3n de audiencia<\/p><\/li><li data-start=\"846\" data-end=\"882\"><p data-start=\"848\" data-end=\"882\">Dise\u00f1o y mensajes publicitarios creativos<\/p><\/li><li data-start=\"883\" data-end=\"927\"><p data-start=\"885\" data-end=\"927\">Pruebas A\/B y optimizaci\u00f3n del rendimiento<\/p><\/li><li data-start=\"928\" data-end=\"967\"><p data-start=\"930\" data-end=\"967\">Seguimiento de conversiones y rendimiento<\/p><\/li><\/ul><p data-start=\"969\" data-end=\"1113\">Con la estrategia adecuada y una optimizaci\u00f3n constante, ayudamos a su marca a llegar a los clientes adecuados en el momento adecuado, maximizando el retorno de la inversi\u00f3n publicitaria.<\/p>\t\t\t\t\t\t\t\t<\/div>\n\t\t\t\t<\/div>\n\t\t\t\t<div class=\"elementor-element elementor-element-1ea3c772 elementor-align-center elementor-invisible elementor-widget elementor-widget-global elementor-global-11812 elementor-widget-button\" data-id=\"1ea3c772\" data-element_type=\"widget\" data-settings=\"{&quot;_animation&quot;:&quot;fadeInUp&quot;,&quot;_animation_delay&quot;:100,&quot;ekit_we_effect_on&quot;:&quot;none&quot;}\" data-widget_type=\"button.default\">\n\t\t\t\t<div class=\"elementor-widget-container\">\n\t\t\t\t\t\t\t\t\t<div class=\"elementor-button-wrapper\">\n\t\t\t\t\t<a class=\"elementor-button elementor-button-link elementor-size-sm\" href=\"https:\/\/wa.me\/12539937705?text=Hello%20I%20would%20like%20more%20information%20about%20your%20services\">\n\t\t\t\t\t\t<span class=\"elementor-button-content-wrapper\">\n\t\t\t\t\t\t<span class=\"elementor-button-icon\">\n\t\t\t\t<svg xmlns=\"http:\/\/www.w3.org\/2000\/svg\" width=\"25\" height=\"25\" viewbox=\"0 0 25 25\" fill=\"none\"><path d=\"M16.8569 9.67962L8.24994 18.2866L6.83594 16.8726L15.4419 8.26562H7.85694V6.26562H18.8569V17.2656H16.8569V9.67962Z\" fill=\"currentColor\"><\/path><\/svg>\t\t\t<\/span>\n\t\t\t\t\t\t\t\t\t<span class=\"elementor-button-text\">Cont\u00e1ctanos<\/span>\n\t\t\t\t\t<\/span>\n\t\t\t\t\t<\/a>\n\t\t\t\t<\/div>\n\t\t\t\t\t\t\t\t<\/div>\n\t\t\t\t<\/div>\n\t\t\t\t<\/div>\n\t\t\t\t<\/div>\n\t\t<div class=\"elementor-element elementor-element-fc294b2 e-con-full e-flex e-con e-child\" data-id=\"fc294b2\" data-element_type=\"container\">\n\t\t<div class=\"elementor-element elementor-element-1caa3ed7 e-con-full sticky-column e-flex e-con e-child\" data-id=\"1caa3ed7\" data-element_type=\"container\">\n\t\t<div class=\"elementor-element elementor-element-d5b9db8 e-con-full e-flex elementor-invisible e-con e-child\" data-id=\"d5b9db8\" data-element_type=\"container\" data-settings=\"{&quot;animation&quot;:&quot;fadeInUp&quot;}\">\n\t\t\t\t<div class=\"elementor-element elementor-element-7dab731e elementor-widget elementor-widget-artistic-elementor-template\" data-id=\"7dab731e\" data-element_type=\"widget\" data-settings=\"{&quot;ekit_we_effect_on&quot;:&quot;none&quot;}\" data-widget_type=\"artistic-elementor-template.default\">\n\t\t\t\t<div class=\"elementor-widget-container\">\n\t\t\t\t\t\t\t<div class=\"elementor-template\">\n\t\t\t\t\t<\/div>\n\t\t\t\t\t\t<\/div>\n\t\t\t\t<\/div>\n\t\t\t\t<\/div>\n\t\t<div class=\"elementor-element elementor-element-39a0128b e-con-full e-flex elementor-invisible e-con e-child\" data-id=\"39a0128b\" data-element_type=\"container\" data-settings=\"{&quot;animation&quot;:&quot;fadeInUp&quot;,&quot;animation_delay&quot;:100}\">\n\t\t\t\t<div class=\"elementor-element elementor-element-d95341b elementor-widget elementor-widget-artistic-elementor-template\" data-id=\"d95341b\" data-element_type=\"widget\" data-settings=\"{&quot;ekit_we_effect_on&quot;:&quot;none&quot;}\" data-widget_type=\"artistic-elementor-template.default\">\n\t\t\t\t<div class=\"elementor-widget-container\">\n\t\t\t\t\t\t\t<div class=\"elementor-template\">\n\t\t\t\t\t<div data-elementor-type=\"section\" data-elementor-id=\"10031\" class=\"elementor elementor-10031\" data-elementor-post-type=\"elementor_library\">\n\t\t\t<div class=\"elementor-element elementor-element-3ab4e93 e-con-full backdrop-filter e-flex e-con e-child\" data-id=\"3ab4e93\" data-element_type=\"container\" data-settings=\"{&quot;background_background&quot;:&quot;classic&quot;}\">\n\t\t\t\t<div class=\"elementor-element elementor-element-75854a4 contacts-content ekit-equal-height-disable elementor-widget elementor-widget-elementskit-icon-box\" data-id=\"75854a4\" data-element_type=\"widget\" data-settings=\"{&quot;ekit_we_effect_on&quot;:&quot;none&quot;}\" data-widget_type=\"elementskit-icon-box.default\">\n\t\t\t\t<div class=\"elementor-widget-container\">\n\t\t\t\t\t<div class=\"ekit-wid-con\" >        <!-- link opening -->\n                <!-- end link opening -->\n\n        <div class=\"elementskit-infobox text-center text- icon-top-align elementor-animation-\">\n                    <div class=\"elementskit-box-header elementor-animation-\">\n                <div class=\"elementskit-info-box-icon\">\n                    <svg xmlns=\"http:\/\/www.w3.org\/2000\/svg\" width=\"61\" height=\"61\" viewbox=\"0 0 61 61\" fill=\"none\"><path d=\"M19.7854 54.2444L2.64258 58.5301L6.92829 45.6729V7.10151C6.92829 5.96487 7.37982 4.87478 8.18355 4.07105C8.98728 3.26733 10.0774 2.8158 11.214 2.8158H54.0711C55.2078 2.8158 56.2979 3.26733 57.1016 4.07105C57.9053 4.87478 58.3569 5.96487 58.3569 7.10151V49.9587C58.3569 51.0953 57.9053 52.1854 57.1016 52.9891C56.2979 53.7928 55.2078 54.2444 54.0711 54.2444H19.7854Z\" stroke=\"currentColor\" stroke-width=\"1.5\" stroke-linecap=\"round\" stroke-linejoin=\"round\"><\/path><path d=\"M32.6426 13.5301V26.3872\" stroke=\"currentColor\" stroke-width=\"1.5\" stroke-linecap=\"round\" stroke-linejoin=\"round\"><\/path><path d=\"M32.6429 41.3872C33.8263 41.3872 34.7857 40.4278 34.7857 39.2444C34.7857 38.0609 33.8263 37.1015 32.6429 37.1015C31.4594 37.1015 30.5 38.0609 30.5 39.2444C30.5 40.4278 31.4594 41.3872 32.6429 41.3872Z\" stroke=\"currentColor\" stroke-width=\"1.5\" stroke-linecap=\"round\" stroke-linejoin=\"round\"><\/path><\/svg>\n                <\/div>\n          <\/div>\n                        <div class=\"box-body\">\n                            <h3 class=\"elementskit-info-box-title\">\n                    \u00bfTienes diferentes preguntas?                <\/h3>\n                        \t\t  \t<p>Nuestro equipo responder\u00e1 todas tus preguntas. Aseguramos una respuesta r\u00e1pida.<\/p>\n                                        <div class=\"box-footer disable_hover_button\">\n                    <div class=\"btn-wraper\">\n                                                            <a class=\"elementskit-btn whitespace--normal\" href=\"https:\/\/wa.me\/12539937705?text=Hello%20I%20would%20like%20more%20information%20about%20your%20services\">\n                                        <i aria-hidden=\"true\" class=\"icon icon-whatsapp-2\"><\/i>                                         +1 (253) 993-7705                                    <\/a>\n                                                        <\/div>\n                <\/div>\n                    <\/div>\n        \n        \n                <\/div>\n        <\/div>\t\t\t\t<\/div>\n\t\t\t\t<\/div>\n\t\t\t\t<\/div>\n\t\t\t\t<\/div>\n\t\t\t\t<\/div>\n\t\t\t\t\t\t<\/div>\n\t\t\t\t<\/div>\n\t\t\t\t<\/div>\n\t\t\t\t<\/div>\n\t\t\t\t<\/div>\n\t\t\t\t\t<\/div>\n\t\t\t\t<\/div>\n\t\t\t\t<\/div>","protected":false},"excerpt":{"rendered":"<p>Paid Advertising &amp; Boosting Home Branding &amp; Identity Marketing Management Boosting \/ [&hellip;]<\/p>","protected":false},"author":1,"featured_media":0,"parent":0,"menu_order":0,"comment_status":"closed","ping_status":"closed","template":"elementor_header_footer","meta":{"_joinchat":[],"footnotes":""},"class_list":["post-11616","page","type-page","status-publish","hentry"],"_links":{"self":[{"href":"https:\/\/novainsolutions.com\/es\/wp-json\/wp\/v2\/pages\/11616","targetHints":{"allow":["GET"]}}],"collection":[{"href":"https:\/\/novainsolutions.com\/es\/wp-json\/wp\/v2\/pages"}],"about":[{"href":"https:\/\/novainsolutions.com\/es\/wp-json\/wp\/v2\/types\/page"}],"author":[{"embeddable":true,"href":"https:\/\/novainsolutions.com\/es\/wp-json\/wp\/v2\/users\/1"}],"replies":[{"embeddable":true,"href":"https:\/\/novainsolutions.com\/es\/wp-json\/wp\/v2\/comments?post=11616"}],"version-history":[{"count":4,"href":"https:\/\/novainsolutions.com\/es\/wp-json\/wp\/v2\/pages\/11616\/revisions"}],"predecessor-version":[{"id":11837,"href":"https:\/\/novainsolutions.com\/es\/wp-json\/wp\/v2\/pages\/11616\/revisions\/11837"}],"wp:attachment":[{"href":"https:\/\/novainsolutions.com\/es\/wp-json\/wp\/v2\/media?parent=11616"}],"curies":[{"name":"wp","href":"https:\/\/api.w.org\/{rel}","templated":true}]}}